{"id":1626,"date":"2025-05-02T12:29:06","date_gmt":"2025-05-02T12:29:06","guid":{"rendered":"https:\/\/amg.alphafoundr.co\/?page_id=1626"},"modified":"2025-08-28T14:52:25","modified_gmt":"2025-08-28T14:52:25","slug":"privacy-policy","status":"publish","type":"page","link":"https:\/\/amg-building.com\/en\/politique-de-confidentialite\/","title":{"rendered":"Privacy Policy"},"content":{"rendered":"<h3 class=\"wp-block-heading\">AMG Building respects your privacy. This privacy policy describes how we collect, use and protect your personal data when you visit our website.<\/h3>\n\n\n\n<p><strong>Data collection :<\/strong><br>We collect personal information such as name, email and phone number when you contact us or request a quote.<\/p>\n\n\n\n<p><strong>Data usage :<\/strong><br>This data is used exclusively to respond to your requests, process your orders and improve our services. Your information will never be sold to third parties.<\/p>\n\n\n\n<p><strong>Data protection :<\/strong><br>Nous prenons toutes les mesures n\u00e9cessaires afin d&rsquo;assurer la s\u00e9curit\u00e9 de vos informations personnelles.<\/p>\n\n\n\n<p><strong>Your rights :<\/strong><br>You have the right to access, rectify and delete your personal data by contacting us directly via our contact details on this site.<\/p>\n\n\n\n<p><\/p>","protected":false},"excerpt":{"rendered":"<p>AMG Building respecte votre vie priv\u00e9e. Cette politique de confidentialit\u00e9 d\u00e9crit comment nous collectons, utilisons et prot\u00e9geons vos donn\u00e9es personnelles lorsque vous visitez notre site internet. Collecte des donn\u00e9es :Nous collectons des informations personnelles telles que nom, email et num\u00e9ro de t\u00e9l\u00e9phone lorsque vous nous contactez ou demandez un devis. Utilisation des donn\u00e9es :Ces donn\u00e9es [&hellip;]<\/p>\n","protected":false},"author":1,"featured_media":0,"parent":0,"menu_order":0,"comment_status":"closed","ping_status":"closed","template":"","meta":{"_acf_changed":false,"footnotes":""},"class_list":["post-1626","page","type-page","status-publish","hentry"],"acf":[],"_links":{"self":[{"href":"https:\/\/amg-building.com\/en\/wp-json\/wp\/v2\/pages\/1626","targetHints":{"allow":["GET"]}}],"collection":[{"href":"https:\/\/amg-building.com\/en\/wp-json\/wp\/v2\/pages"}],"about":[{"href":"https:\/\/amg-building.com\/en\/wp-json\/wp\/v2\/types\/page"}],"author":[{"embeddable":true,"href":"https:\/\/amg-building.com\/en\/wp-json\/wp\/v2\/users\/1"}],"replies":[{"embeddable":true,"href":"https:\/\/amg-building.com\/en\/wp-json\/wp\/v2\/comments?post=1626"}],"version-history":[{"count":0,"href":"https:\/\/amg-building.com\/en\/wp-json\/wp\/v2\/pages\/1626\/revisions"}],"wp:attachment":[{"href":"https:\/\/amg-building.com\/en\/wp-json\/wp\/v2\/media?parent=1626"}],"curies":[{"name":"wp","href":"https:\/\/api.w.org\/{rel}","templated":true}]}}