{"id":3868,"date":"2025-07-14T22:13:55","date_gmt":"2025-07-14T22:13:55","guid":{"rendered":"https:\/\/amg-building.com\/?page_id=3868"},"modified":"2025-07-14T22:18:02","modified_gmt":"2025-07-14T22:18:02","slug":"conditions-of-use","status":"publish","type":"page","link":"https:\/\/amg-building.com\/en\/conditions-dutilisation\/","title":{"rendered":"Conditions d&rsquo;utilisation"},"content":{"rendered":"<h3 class=\"wp-block-heading\">By accessing this website, you accept these terms and conditions of use without reservation:<\/h3>\n\n\n\n<p><strong>Use of the site :<\/strong><br>The purpose of this site is to provide information about the services offered by AMG Building. We reserve the right to modify this information at any time.<\/p>\n\n\n\n<p><strong>Intellectual property :<\/strong><br>All content on this site (text, images, videos) is the exclusive property of AMG Building. Any reproduction, even partial, is strictly forbidden without prior written authorization.<\/p>\n\n\n\n<p><strong>Responsibility :<\/strong><br>AMG Building accepts no responsibility for any errors or omissions in the information contained on this site or for any damage resulting from its use.<\/p>\n\n\n\n<p><strong>External links :<\/strong><br>Our site may include links to other sites. We are not responsible for the content or privacy practices of such external sites.<\/p>\n\n\n\n<p><strong>Modification of conditions :<\/strong><br>AMG Building reserves the right to modify these conditions at any time. Any changes will be immediately published on this page.<\/p>","protected":false},"excerpt":{"rendered":"<p>En acc\u00e9dant \u00e0 ce site internet, vous acceptez sans r\u00e9serve les pr\u00e9sentes conditions g\u00e9n\u00e9rales d\u2019utilisation : Utilisation du site :Ce site a pour but de fournir des informations sur les services offerts par AMG Building. Nous nous r\u00e9servons le droit de modifier ces informations \u00e0 tout moment. Propri\u00e9t\u00e9 intellectuelle :Tous les contenus pr\u00e9sents sur ce [&hellip;]<\/p>\n","protected":false},"author":3,"featured_media":0,"parent":0,"menu_order":0,"comment_status":"closed","ping_status":"closed","template":"","meta":{"_acf_changed":false,"footnotes":""},"class_list":["post-3868","page","type-page","status-publish","hentry"],"acf":[],"_links":{"self":[{"href":"https:\/\/amg-building.com\/en\/wp-json\/wp\/v2\/pages\/3868","targetHints":{"allow":["GET"]}}],"collection":[{"href":"https:\/\/amg-building.com\/en\/wp-json\/wp\/v2\/pages"}],"about":[{"href":"https:\/\/amg-building.com\/en\/wp-json\/wp\/v2\/types\/page"}],"author":[{"embeddable":true,"href":"https:\/\/amg-building.com\/en\/wp-json\/wp\/v2\/users\/3"}],"replies":[{"embeddable":true,"href":"https:\/\/amg-building.com\/en\/wp-json\/wp\/v2\/comments?post=3868"}],"version-history":[{"count":0,"href":"https:\/\/amg-building.com\/en\/wp-json\/wp\/v2\/pages\/3868\/revisions"}],"wp:attachment":[{"href":"https:\/\/amg-building.com\/en\/wp-json\/wp\/v2\/media?parent=3868"}],"curies":[{"name":"wp","href":"https:\/\/api.w.org\/{rel}","templated":true}]}}