{"id":3872,"date":"2025-07-14T22:17:27","date_gmt":"2025-07-14T22:17:27","guid":{"rendered":"https:\/\/amg-building.com\/?page_id=3872"},"modified":"2025-07-14T22:17:28","modified_gmt":"2025-07-14T22:17:28","slug":"data","status":"publish","type":"page","link":"https:\/\/amg-building.com\/en\/donnes\/","title":{"rendered":"Data on AMG"},"content":{"rendered":"<h3 class=\"wp-block-heading\">AMG Building attaches great importance to the confidentiality and protection of your personal data. When you fill in our contact forms, we collect information such as your name, telephone number, email address and the reason for your request or purchase.<\/h3>\n\n\n\n<p>This data is used exclusively for :<\/p>\n\n\n\n<ul class=\"wp-block-list\">\n<li>To better understand your project and your expectations.<\/li>\n\n\n\n<li>To offer you a tailored, personalized service.<\/li>\n\n\n\n<li>To stay in touch with you throughout your AMG journey.<\/li>\n<\/ul>\n\n\n\n<p>In accordance with current legislation, you have the right at any time to :<\/p>\n\n\n\n<ul class=\"wp-block-list\">\n<li><strong>Visit<\/strong> the data we hold on you.<\/li>\n\n\n\n<li><strong>Grind<\/strong> this data if it is incorrect or incomplete.<\/li>\n\n\n\n<li><strong>Request removal<\/strong> of your personal information.<\/li>\n<\/ul>\n\n\n\n<p>To exercise your rights concerning your personal data, please contact us directly via our contact details indicated on the site.<\/p>\n\n\n\n<p>Your trust is our priority. We are committed to protecting and respecting your privacy at every step of the way.<\/p>\n\n\n\n<p><\/p>","protected":false},"excerpt":{"rendered":"<p>AMG Building accorde une grande importance \u00e0 la confidentialit\u00e9 et \u00e0 la protection de vos donn\u00e9es personnelles. Lorsque vous remplissez nos formulaires de contact, nous collectons des informations telles que votre nom, num\u00e9ro de t\u00e9l\u00e9phone, email et raison de votre demande ou achat. Ces donn\u00e9es nous permettent exclusivement : Conform\u00e9ment \u00e0 la l\u00e9gislation en vigueur, [&hellip;]<\/p>\n","protected":false},"author":3,"featured_media":0,"parent":0,"menu_order":0,"comment_status":"closed","ping_status":"closed","template":"","meta":{"_acf_changed":false,"footnotes":""},"class_list":["post-3872","page","type-page","status-publish","hentry"],"acf":[],"_links":{"self":[{"href":"https:\/\/amg-building.com\/en\/wp-json\/wp\/v2\/pages\/3872","targetHints":{"allow":["GET"]}}],"collection":[{"href":"https:\/\/amg-building.com\/en\/wp-json\/wp\/v2\/pages"}],"about":[{"href":"https:\/\/amg-building.com\/en\/wp-json\/wp\/v2\/types\/page"}],"author":[{"embeddable":true,"href":"https:\/\/amg-building.com\/en\/wp-json\/wp\/v2\/users\/3"}],"replies":[{"embeddable":true,"href":"https:\/\/amg-building.com\/en\/wp-json\/wp\/v2\/comments?post=3872"}],"version-history":[{"count":0,"href":"https:\/\/amg-building.com\/en\/wp-json\/wp\/v2\/pages\/3872\/revisions"}],"wp:attachment":[{"href":"https:\/\/amg-building.com\/en\/wp-json\/wp\/v2\/media?parent=3872"}],"curies":[{"name":"wp","href":"https:\/\/api.w.org\/{rel}","templated":true}]}}